{"id":4717,"date":"2015-01-05T01:51:38","date_gmt":"2015-01-05T01:51:38","guid":{"rendered":"http:\/\/new.liveconnexus.com\/?page_id=4717"},"modified":"2015-12-15T18:03:58","modified_gmt":"2015-12-15T18:03:58","slug":"contactenos","status":"publish","type":"page","link":"https:\/\/liveconnexus.com\/es\/contactenos","title":{"rendered":"Cont\u00e1ctenos"},"content":{"rendered":"<section class=\"row-wrapper \">\n<div class=\"row mvb_t_row \">\n<div class=\"six columns mobile-six mvb_first\">\n<div class=\"mvb_inner_wrapper\">\n<div class=\"features_module_vertical module \">\n<h1 class=\"widget-title\" style=\"font-weight: 600; color: inherit;\"><span style=\"color: #ffffff;\">Contact Us<\/span><\/h1>\n<h3 class=\"widget-title\" style=\"font-weight: 600; color: inherit;\">Austin, Texas<\/h3>\n<div class=\"row\">\n<div class=\"feature-box cr-animate-gen\" data-gen=\"fadeIn\" data-gen-offset=\"bottom-in-view\">\n<div class=\"feat-block-content\">\n<h3 style=\"font-weight: 600;\"><img loading=\"lazy\" class=\"alignleft wp-image-4249 size-thumbnail\" src=\"http:\/\/new.liveconnexus.com\/wp-content\/uploads\/2014\/02\/Live-Connexus-New-Office-300x224-150x150.jpg\" alt=\"Contact Us - Live Connexus\" width=\"150\" height=\"150\" \/><\/h3>\n<p>7500 Rialto Blvd.<br \/>\nBuilding 1. Suite 250<br \/>\nAustin, TX 78735<br \/>\nPhone: 1 888 323-2824<br \/>\nFax: (512) 410 1244<\/p>\n<\/div>\n<\/div>\n<\/div>\n<\/div>\n<\/div>\n<\/div>\n<div class=\"six columns mobile-six mvb_last\"><\/div>\n<\/div>\n<\/section>\n<section class=\"row-wrapper \">\n<div class=\"row mvb_t_row \">\n<div class=\"six columns mobile-six mvb_first\">\n<div class=\"mvb_inner_wrapper\">\n<div class=\"features_module_vertical module \">\n<h3 class=\"widget-title\" style=\"font-weight: 600; color: inherit;\"><\/h3>\n<h3 class=\"widget-title\" style=\"font-weight: 600; color: inherit;\">San Jos\u00e9, Costa Rica<\/h3>\n<div class=\"row\">\n<div class=\"feature-box cr-animate-gen\" data-gen=\"fadeIn\" data-gen-offset=\"bottom-in-view\">\n<div class=\"feat-block-content\">\n<h3 style=\"font-weight: 600;\"><\/h3>\n<p>Edificio Requeservicios<br \/>\nAvenida 14 entre calles 5 y 7<br \/>\nSan Jos\u00e9, Costa Rica<br \/>\nTel\u00e9fono: (506) 4000 2255<\/p>\n<p><span style=\"color: #ffffff;\">Contact us to get a quote. We are dedicated to maximize the business value of your IT investment We provide your company with secure, highly available and state-of-the-art services, management of your cloud-based IT resources and full support for your user communities.<\/span><\/p>\n<\/div>\n<\/div>\n<\/div>\n<\/div>\n<\/div>\n<\/div>\n<\/div>\n<\/section>\n","protected":false},"excerpt":{"rendered":"<p>Contact Us Austin, Texas 7500 Rialto Blvd. Building 1. Suite 250 Austin, TX 78735 Phone: 1 888 323-2824 Fax: (512) 410 1244 San Jos\u00e9, Costa Rica Edificio Requeservicios Avenida 14 entre calles 5 y 7 San Jos\u00e9, Costa Rica Tel\u00e9fono: (506) 4000 2255 Contact us to get a quote. We are dedicated to maximize the business value of your IT investment We provide your company with secure, highly available and state-of-the-art services, management of your cloud-based IT resources and full support for your user communities.<\/p>\n","protected":false},"author":1,"featured_media":0,"parent":0,"menu_order":6,"comment_status":"open","ping_status":"open","template":"tmp-page-no-sidebar.php","meta":[],"_links":{"self":[{"href":"https:\/\/liveconnexus.com\/es\/wp-json\/wp\/v2\/pages\/4717"}],"collection":[{"href":"https:\/\/liveconnexus.com\/es\/wp-json\/wp\/v2\/pages"}],"about":[{"href":"https:\/\/liveconnexus.com\/es\/wp-json\/wp\/v2\/types\/page"}],"author":[{"embeddable":true,"href":"https:\/\/liveconnexus.com\/es\/wp-json\/wp\/v2\/users\/1"}],"replies":[{"embeddable":true,"href":"https:\/\/liveconnexus.com\/es\/wp-json\/wp\/v2\/comments?post=4717"}],"version-history":[{"count":3,"href":"https:\/\/liveconnexus.com\/es\/wp-json\/wp\/v2\/pages\/4717\/revisions"}],"predecessor-version":[{"id":4890,"href":"https:\/\/liveconnexus.com\/es\/wp-json\/wp\/v2\/pages\/4717\/revisions\/4890"}],"wp:attachment":[{"href":"https:\/\/liveconnexus.com\/es\/wp-json\/wp\/v2\/media?parent=4717"}],"curies":[{"name":"wp","href":"https:\/\/api.w.org\/{rel}","templated":true}]}}